{"id":10069,"date":"2024-10-25T04:35:08","date_gmt":"2024-10-25T03:35:08","guid":{"rendered":"https:\/\/www.parkgest.ch\/?page_id=10069"},"modified":"2025-06-23T17:13:06","modified_gmt":"2025-06-23T16:13:06","slug":"fremis-parkplatz","status":"publish","type":"page","link":"https:\/\/www.parkgest.ch\/de\/wo-man-parken\/fremis-parkplatz\/","title":{"rendered":"Fr\u00e9mis-Parkplatz"},"content":{"rendered":"<div class=\"pkg-block pkg-block--bordered pkg-block-text\">\n<h2>Willkommen auf dem Fr\u00e9mis-Parkplatz<\/h2>\n<\/div>\n<p>Der Fr\u00e9mis-Parkplatz liegt in der Genfer Landschaft im Herzen des Dorfes Puplinge und wurde 2024 eingeweiht. Die Linien 31, 32, 33 und 37 der Transports Publics Genevois bedienen die Gemeinde Puplinge.<\/p>\n<div class=\"pkg-block pkg-block--bordered pkg-block-service\">\n<div class=\"service-item\">\n<div class=\"service-item__icon\"><img decoding=\"async\" class=\"img-fluid\" style=\"width: 65px;\" src=\"https:\/\/www.parkgest.ch\/wp-content\/themes\/parkgest\/v2\/images\/svg\/PKG-Limit-198.svg\" alt=\"\" \/><\/div>\n<p>H\u00f6he 1.98 m<\/p>\n<\/div>\n<\/div>\n<h2>Dienstleistungen<\/h2>\n<div class=\"pkg-block pkg-block--bordered pkg-block-service\">\n<div class=\"service-item\">\n<div class=\"service-item__icon\"><img decoding=\"async\" class=\"img-fluid\" src=\"http:\/\/www.parkgest.ch\/wp-content\/themes\/parkgest\/v2\/images\/svg\/PKG_Open24.svg\" alt=\"\" \/><\/div>\n<p>Ge\u00f6ffnet 24 h<br \/>\nan 7 Tagen der Woche<\/p>\n<\/div>\n<\/div>\n<h2>Parkangebot<\/h2>\n<div class=\"pkg-block pkg-block--bordered pkg-block-service\">\n<div class=\"service-item\">\n<div class=\"service-item__icon service-item__icon--popover\"><button data-toggle=\"popover\" data-text=\"\" data-link=\"https:\/\/www.parkgest.ch\/places-reservees-aux-personnes-a-mobilite-reduite\/\" data-placement=\"top\" data-available=\"2\" data-location=\"-1\"><\/button><i class=\"icon-info-with-circle\"><\/i><img decoding=\"async\" class=\"img-fluid\" src=\"http:\/\/www.parkgest.ch\/wp-content\/themes\/parkgest\/v2\/images\/svg\/PKG_wheel-chair.svg\" alt=\"\" \/><\/div>\n<p>Parkpl\u00e4tze f\u00fcr Behinderte<\/p>\n<\/div>\n<div class=\"service-item\">\n<div class=\"service-item__icon service-item__icon--popover\"><button data-toggle=\"popover\" data-text=\"\" data-link=\"\" data-placement=\"top\" data-available=\"10, davon 4 mit elektrischer Aufladung\" data-location=\"\"><\/button><i class=\"icon-info-with-circle\"><\/i><img decoding=\"async\" class=\"img-fluid\" src=\"http:\/\/www.parkgest.ch\/wp-content\/themes\/parkgest\/v2\/images\/svg\/PKG_Bike.svg\" alt=\"\" \/><\/div>\n<p>Parkpl\u00e4tze f\u00fcr Motorr\u00e4der<\/p>\n<\/div>\n<\/div>\n<h2>Annehmlichkeiten<\/h2>\n<div class=\"pkg-block pkg-block--bordered pkg-block-service\">\n<div class=\"service-item\">\n<div class=\"service-item__icon\"><img decoding=\"async\" class=\"img-fluid\" src=\"http:\/\/www.parkgest.ch\/wp-content\/themes\/parkgest\/v2\/images\/svg\/PKG_Elevator.svg\" alt=\"\" \/><\/div>\n<p>Aufzug<\/p>\n<\/div>\n<\/div>\n<h2>Security<\/h2>\n<div class=\"pkg-block pkg-block--bordered pkg-block-service\">\n<div class=\"service-item\">\n<div class=\"service-item__icon\"><img decoding=\"async\" class=\"img-fluid\" src=\"http:\/\/www.parkgest.ch\/wp-content\/themes\/parkgest\/v2\/images\/svg\/PKG_Camera.svg\" alt=\"\" \/><\/div>\n<p>Video\u00fcberwachung<\/p>\n<\/div>\n<div class=\"service-item\">\n<div class=\"service-item__icon\"><img decoding=\"async\" class=\"img-fluid\" style=\"width: 50px;\" src=\"https:\/\/www.parkgest.ch\/wp-content\/themes\/parkgest\/v2\/images\/svg\/pkg-icon-rideau.svg\" alt=\"\" data-src=\"https:\/\/www.parkgest.ch\/wp-content\/themes\/parkgest\/v2\/images\/svg\/pkg-icon-rideau.svg\" \/><\/div>\n<p>Verschliessbares automatisches Tor<\/p>\n<\/div>\n<div class=\"service-item\">\n<div class=\"service-item__icon\"><img decoding=\"async\" class=\"img-fluid\" style=\"width: 50px;\" src=\"https:\/\/www.parkgest.ch\/wp-content\/themes\/parkgest\/v2\/images\/svg\/PKG_digicode.svg\" alt=\"\" \/><\/div>\n<p>Zugriffper Digitalcode<\/p>\n<\/div>\n<\/div>\n<h2>Zahlungsarten<\/h2>\n<div class=\"pkg-block pkg-block--bordered pkg-block-service pkg-block-service-payment\">\n<div class=\"service-item\">\n<div class=\"service-item__icon\"><img decoding=\"async\" class=\"img-fluid\" src=\"http:\/\/www.parkgest.ch\/wp-content\/themes\/parkgest\/v2\/images\/svg\/PKG_Creditcard.svg\" alt=\"\" \/><\/div>\n<p>Kartenzahlung<\/p>\n<\/div>\n<div class=\"service-item\">\n<div class=\"service-item__icon\"><img decoding=\"async\" class=\"img-fluid\" style=\"width: 47px;\" src=\"http:\/\/www.parkgest.ch\/wp-content\/themes\/parkgest\/v2\/images\/svg\/PKG_contactless payment.png\" alt=\"\" \/><\/div>\n<p>Kontaktlose Zahlung<\/p>\n<\/div>\n<div class=\"service-item\">\n<div class=\"service-item__icon\"><img decoding=\"async\" class=\"img-fluid\" src=\"http:\/\/www.parkgest.ch\/wp-content\/themes\/parkgest\/v2\/images\/svg\/PKG_Swissfrancs.svg\" alt=\"\" \/><\/div>\n<p>Banknoten &#038; M\u00fcnzen CHF<\/p>\n<\/div>\n<div class=\"service-item\">\n<div class=\"service-item__icon\"><img decoding=\"async\" class=\"img-fluid\" src=\"http:\/\/www.parkgest.ch\/wp-content\/themes\/parkgest\/v2\/images\/svg\/PKG_Euro.svg\" alt=\"\" \/><\/div>\n<p>Banknoten EUR<\/p>\n<\/div>\n<\/div>\n<div class=\"pkg-block pkg-block-text\">\n<h2>Nutzungseinschr\u00e4nkungen<\/h2>\n<p>Der Fr\u00e9mis-Parkplatz ist ein privater Nichtraucherbereich, der ausschlie\u00dflich f\u00fcr das stundenweise und geb\u00fchrenpflichtige Parken von leichten Kraftfahrzeugen (max. 3,5 t) in gutem Zustand, mit elektrischer Energie oder Benzin oder Dieselkraftstoff, einschlie\u00dflich der H\u00f6chstmenge, bestimmt ist Die H\u00f6he inklusive eventueller Erg\u00e4nzungen (Beispiel: Dachbox, Fahrr\u00e4der, Antennen) darf 1,98 Meter nicht \u00fcberschreiten.<\/p>\n<p>Zugelassen sind Fahrzeuge mit 2, 3 oder 4 motorisierten R\u00e4dern, einschlie\u00dflich Roadster und Quads.<\/p>\n<p>Strikt untersagt ist die Verwendung von:<\/p>\n<ul>\n<li>Fahrzeuge, die nicht mit Strom, Benzin oder Diesel betrieben werden, einschlie\u00dflich fl\u00fcssigem Propangas (LPG), Erdgas, Butangas oder Wasserstoff ;<\/li>\n<li>Anh\u00e4ngefahrzeuge \u2013 Anh\u00e4nger aller Art, einschlie\u00dflich Wohnwagen (sofern nicht ausdr\u00fccklich genehmigt) ;<\/li>\n<li>Selbstbalancierende Roller, Roller, Rollerblades und Skateboards.<\/li>\n<\/ul>\n<h3 class=\"toggle\"><strong><a href=\"#\">Tarife nach Stunden<\/a><\/strong><\/h3><div class=\"toggle-box\" style=\"display: none;\"><p>\n<p><strong>TAGESZEIT STUNDENZUGANG VON 07:00 BIS 19:00<\/strong><\/p>\n<div class=\"table-responsive\"><table  style=\"width:550px; \"  class=\"easy-table easy-table-default \" border=\"0\">\n<thead>\r\n<tr><th  style=\"width:250px;text-align:left\" >Zeit<\/th>\n<th  style=\"width:200px;text-align:left\" >Stunden<\/th>\n<th  style=\"width:50px;text-align:left\" >Preis<\/th>\n<th  style=\"width:50px;text-align:right\" ><\/th>\n<\/tr>\n<\/thead>\n<tbody>\r\n<tr><td  style=\"text-align:left\" >Von 00 bis 30 Minuten<\/td>\n<td  style=\"text-align:left\" ><\/td>\n<td  style=\"text-align:left\" >CHF<\/td>\n<td  style=\"text-align:right\" > gratis<\/td>\n<\/tr>\n\r\n<tr><td  style=\"text-align:left\" >Von 30 bis 60 Minuten<\/td>\n<td  style=\"text-align:left\" >1 Stunde<\/td>\n<td  style=\"text-align:left\" >CHF<\/td>\n<td  style=\"text-align:right\" > 0.5<\/td>\n<\/tr>\n\r\n<tr><td  style=\"text-align:left\" >Von 60 bis 90 Minuten<\/td>\n<td  style=\"text-align:left\" ><\/td>\n<td  style=\"text-align:left\" >CHF<\/td>\n<td  style=\"text-align:right\" > 1.0<\/td>\n<\/tr>\n\r\n<tr><td  style=\"text-align:left\" >Von 90 bis 120 Minuten<\/td>\n<td  style=\"text-align:left\" >2 Stunden<\/td>\n<td  style=\"text-align:left\" >CHF<\/td>\n<td  style=\"text-align:right\" > 1.5<\/td>\n<\/tr>\n\r\n<tr><td  style=\"text-align:left\" >Von 120 bis 150 Minuten<\/td>\n<td  style=\"text-align:left\" ><\/td>\n<td  style=\"text-align:left\" >CHF<\/td>\n<td  style=\"text-align:right\" > 2.0<\/td>\n<\/tr>\n\r\n<tr><td  style=\"text-align:left\" >Von 150 bis 180 Minuten<\/td>\n<td  style=\"text-align:left\" >3 Stunden<\/td>\n<td  style=\"text-align:left\" >CHF<\/td>\n<td  style=\"text-align:right\" > 2.5<\/td>\n<\/tr>\n\r\n<tr><td  style=\"text-align:left\" >Von 180 bis 210 Minuten<\/td>\n<td  style=\"text-align:left\" ><\/td>\n<td  style=\"text-align:left\" >CHF<\/td>\n<td  style=\"text-align:right\" > 3.0<\/td>\n<\/tr>\n\r\n<tr><td  style=\"text-align:left\" >Von 210 bis 240 Minuten<\/td>\n<td  style=\"text-align:left\" >4 Stunden<\/td>\n<td  style=\"text-align:left\" >CHF<\/td>\n<td  style=\"text-align:right\" > 3.5<\/td>\n<\/tr>\n\r\n<tr><td  style=\"text-align:left\" >Von 240 bis 270 Minuten<\/td>\n<td  style=\"text-align:left\" ><\/td>\n<td  style=\"text-align:left\" >CHF<\/td>\n<td  style=\"text-align:right\" > 4.0<\/td>\n<\/tr>\n\r\n<tr><td  style=\"text-align:left\" >Von 270 bis 300 Minuten<\/td>\n<td  style=\"text-align:left\" >5 Stunden<\/td>\n<td  style=\"text-align:left\" >CHF<\/td>\n<td  style=\"text-align:right\" > 4.5<\/td>\n<\/tr>\n\r\n<tr><td  style=\"text-align:left\" >Von 300 bis 330 Minuten<\/td>\n<td  style=\"text-align:left\" ><\/td>\n<td  style=\"text-align:left\" >CHF<\/td>\n<td  style=\"text-align:right\" > 5.0<\/td>\n<\/tr>\n\r\n<tr><td  style=\"text-align:left\" >Von 330 bis 360 Minuten<\/td>\n<td  style=\"text-align:left\" >6 Stunden<\/td>\n<td  style=\"text-align:left\" >CHF<\/td>\n<td  style=\"text-align:right\" > 5.5<\/td>\n<\/tr>\n\r\n<tr><td  style=\"text-align:left\" >Von 360 bis 390 Minuten<\/td>\n<td  style=\"text-align:left\" ><\/td>\n<td  style=\"text-align:left\" >CHF<\/td>\n<td  style=\"text-align:right\" > 6.0<\/td>\n<\/tr>\n\r\n<tr><td  style=\"text-align:left\" >Von 390 bis 420 Minuten<\/td>\n<td  style=\"text-align:left\" >7 Stunden<\/td>\n<td  style=\"text-align:left\" >CHF<\/td>\n<td  style=\"text-align:right\" > 6.5<\/td>\n<\/tr>\n\r\n<tr><td  style=\"text-align:left\" >Von 420 bis 450 Minuten<\/td>\n<td  style=\"text-align:left\" ><\/td>\n<td  style=\"text-align:left\" >CHF<\/td>\n<td  style=\"text-align:right\" > 7.0<\/td>\n<\/tr>\n\r\n<tr><td  style=\"text-align:left\" >Von 450 bis 480 Minuten<\/td>\n<td  style=\"text-align:left\" >8 Stunden<\/td>\n<td  style=\"text-align:left\" >CHF<\/td>\n<td  style=\"text-align:right\" > 7.5<\/td>\n<\/tr>\n\r\n<tr><td  style=\"text-align:left\" >Von 480 bis 510 Minuten<\/td>\n<td  style=\"text-align:left\" ><\/td>\n<td  style=\"text-align:left\" >CHF<\/td>\n<td  style=\"text-align:right\" > 8.0<\/td>\n<\/tr>\n\r\n<tr><td  style=\"text-align:left\" >Von 510 bis 540 Minuten<\/td>\n<td  style=\"text-align:left\" >9 Stunden<\/td>\n<td  style=\"text-align:left\" >CHF<\/td>\n<td  style=\"text-align:right\" > 8.5<\/td>\n<\/tr>\n\r\n<tr><td  style=\"text-align:left\" >Von 540 bis 570 Minuten<\/td>\n<td  style=\"text-align:left\" ><\/td>\n<td  style=\"text-align:left\" >CHF<\/td>\n<td  style=\"text-align:right\" > 9.0<\/td>\n<\/tr>\n\r\n<tr><td  style=\"text-align:left\" >Von 570 bis 600 Minuten<\/td>\n<td  style=\"text-align:left\" >10 Stunden<\/td>\n<td  style=\"text-align:left\" >CHF<\/td>\n<td  style=\"text-align:right\" > 9.5<\/td>\n<\/tr>\n\r\n<tr><td  style=\"text-align:left\" >Von 600 bis 630 Minuten<\/td>\n<td  style=\"text-align:left\" ><\/td>\n<td  style=\"text-align:left\" >CHF<\/td>\n<td  style=\"text-align:right\" > 10.0<\/td>\n<\/tr>\n\r\n<tr><td  style=\"text-align:left\" >Von 630 bis 660 Minuten<\/td>\n<td  style=\"text-align:left\" >11 Stunden<\/td>\n<td  style=\"text-align:left\" >CHF<\/td>\n<td  style=\"text-align:right\" > 10.5<\/td>\n<\/tr>\n\r\n<tr><td  style=\"text-align:left\" >Von 660 bis 690 Minuten<\/td>\n<td  style=\"text-align:left\" ><\/td>\n<td  style=\"text-align:left\" >CHF<\/td>\n<td  style=\"text-align:right\" > 11.0<\/td>\n<\/tr>\n\r\n<tr><td  style=\"text-align:left\" >Von 690 bis 720 Minuten<\/td>\n<td  style=\"text-align:left\" >12 Stunden<\/td>\n<td  style=\"text-align:left\" >CHF<\/td>\n<td  style=\"text-align:right\" > 11.5<\/td>\n<\/tr>\n<\/tbody><\/table><\/div>\n<p><strong>NACHTZEIT STUNDENZUGANG VON 19:00 BIS 07:00<\/strong><\/p>\n<div class=\"table-responsive\"><table  style=\"width:550px; \"  class=\"easy-table easy-table-default \" border=\"0\">\n<thead>\r\n<tr><th  style=\"width:250px;text-align:left\" ><\/th>\n<th  style=\"width:200px;text-align:left\" ><\/th>\n<th  style=\"width:50px;text-align:left\" ><\/th>\n<th  style=\"width:50px;text-align:right\" ><\/th>\n<\/tr>\n<\/thead>\n<tbody>\r\n<tr><td  style=\"text-align:left\" >Pro halbe Stunde<\/td>\n<td  style=\"text-align:left\" ><\/td>\n<td  style=\"text-align:left\" >CHF<\/td>\n<td  style=\"text-align:right\" > 0.5<\/td>\n<\/tr>\n\r\n<tr><td  style=\"text-align:left\" >Verlorenes Stundenticket<\/td>\n<td  style=\"text-align:left\" ><\/td>\n<td  style=\"text-align:left\" > CHF<\/td>\n<td  style=\"text-align:right\" > 15<\/td>\n<\/tr>\n<\/tbody><\/table><\/div>\n<p>ALLE UNSERE TARIFE GELTEN AB DEM 6. M\u00c4RZ 2025, PRO FAHRZEUG &#038; INKL. MWST<\/p>\n<\/p><\/div>\n<h3 class=\"toggle\"><strong><a href=\"#\">Tarife Dauerzugang<\/a><\/strong><\/h3><div class=\"toggle-box\" style=\"display: none;\"><p>\n<div class=\"table-responsive\"><table  style=\"width:550px; \"  class=\"easy-table easy-table-default \" border=\"0\">\n<thead>\r\n<tr><th  style=\"width:245px;text-align:left\" ><\/th>\n<th  style=\"width:205px;text-align:left\" ><\/th>\n<th  style=\"width:50px;text-align:left\" ><\/th>\n<th  style=\"width:50px;text-align:right\" >Tarife<\/th>\n<\/tr>\n<\/thead>\n<tbody>\r\n<tr><td  style=\"text-align:left\" >DAUERZUGANG MONATLICH rund um die Uhr ANWOHNER ODER NUTZER DER GEMEINDE DAUERZUGANG MONATLICH rund um die Uhr<\/td>\n<td  style=\"text-align:left\" ><\/td>\n<td  style=\"text-align:left\" ><\/td>\n<td  style=\"text-align:right\" >CHF 165<\/td>\n<\/tr>\n\r\n<tr><td  style=\"text-align:left\" >DAUERZUGANG MONATLICH rund um die Uhr f\u00fcr Motorr\u00e4de<\/td>\n<td  style=\"text-align:left\" ><\/td>\n<td  style=\"text-align:left\" ><\/td>\n<td  style=\"text-align:right\" >CHF 50<\/td>\n<\/tr>\n\r\n<tr><td  style=\"text-align:left\" >AUSTAUSCH DER KARTE ODER DES AUSWEISES F\u00dcR DEN DAUERZUGANG<\/td>\n<td  style=\"text-align:left\" ><\/td>\n<td  style=\"text-align:left\" ><\/td>\n<td  style=\"text-align:right\" >CHF 30<\/td>\n<\/tr>\n<\/tbody><\/table><\/div>\nALLE UNSERE PREISE GELTEN PRO FAHRZEUG UND INKL. MWST<\/p>\n<\/p><\/div>\n<h3><strong><a style=\"background: url('http:\/\/www.parkgest.ch\/wp-content\/themes\/parkgest\/img\/sidebar_li.gif') no-repeat 0 0; background-position: 0 center; padding-left: 23px; text-decoration: none;\" href=\"https:\/\/www.parkgest.ch\/de\/dauerzugang\/#fremis\">Abonnement-Antrag<\/a><\/strong><\/h3>\n<h3><strong><a style=\"background: url('http:\/\/www.parkgest.ch\/wp-content\/themes\/parkgest\/img\/sidebar_li.gif') no-repeat 0 0; background-position: 0 center; padding-left: 23px; text-decoration: none;\" href=\"https:\/\/www.parkgest.ch\/de\/kuendigungsantrag\/#fremis\">K\u00fcndigungsantrag<\/a><\/strong><\/h3>\n<h3 class=\"toggle\"><strong><a href=\"#\">Allgemeine Bedingungen<\/a><\/strong><\/h3><div class=\"toggle-box\" style=\"display: none;\"><p>\n<p>&nbsp;<\/p>\n<p><iframe loading=\"lazy\" src=\"https:\/\/docs.google.com\/viewer?url=https:\/\/www.parkgest.ch\/wp-content\/uploads\/PFr_Conditions-generales_20250616_VF-provisoire.pdf&amp;embedded=true\" width=\"100%\" height=\"600\" frameborder=\"0\"><\/iframe><\/p>\n<p>Wenn Sie die Datei nicht richtig lesen k\u00f6nnen, <a href=\"https:\/\/www.parkgest.ch\/wp-content\/uploads\/PFr_Conditions-generales_20250616_VF-provisoire.pdf\" target=\"_blank\" rel=\"noopener noreferrer\">klicken Sie hier<\/a><\/p>\n<\/p><\/div>\n<\/div>\n","protected":false},"excerpt":{"rendered":"<p>Willkommen auf dem Fr\u00e9mis-Parkplatz Der Fr\u00e9mis-Parkplatz liegt in der Genfer Landschaft im Herzen des Dorfes Puplinge und wurde 2024 eingeweiht. Die Linien 31, 32, 33 und 37 der Transports Publics Genevois bedienen die Gemeinde Puplinge. H\u00f6he 1.98 m Dienstleistungen Ge\u00f6ffnet 24 h an 7 Tagen der Woche Parkangebot Parkpl\u00e4tze f\u00fcr Behinderte Parkpl\u00e4tze f\u00fcr Motorr\u00e4der Annehmlichkeiten [&hellip;]<\/p>\n","protected":false},"author":10,"featured_media":10283,"parent":1281,"menu_order":0,"comment_status":"closed","ping_status":"closed","template":"parkingpage.php","meta":{"footnotes":""},"tags":[],"yoast_head":"<!-- This site is optimized with the Yoast SEO plugin v21.8 - https:\/\/yoast.com\/wordpress\/plugins\/seo\/ -->\n<title>Fr\u00e9mis-Parkplatz | Parkgest<\/title>\n<meta name=\"robots\" content=\"index, follow, max-snippet:-1, max-image-preview:large, max-video-preview:-1\" \/>\n<link rel=\"canonical\" href=\"https:\/\/www.parkgest.ch\/de\/wo-man-parken\/fremis-parkplatz\/\" \/>\n<meta property=\"og:locale\" content=\"de_DE\" \/>\n<meta property=\"og:type\" content=\"article\" \/>\n<meta property=\"og:title\" content=\"Fr\u00e9mis-Parkplatz | Parkgest\" \/>\n<meta property=\"og:description\" content=\"Willkommen auf dem Fr\u00e9mis-Parkplatz Der Fr\u00e9mis-Parkplatz liegt in der Genfer Landschaft im Herzen des Dorfes Puplinge und wurde 2024 eingeweiht. Die Linien 31, 32, 33 und 37 der Transports Publics Genevois bedienen die Gemeinde Puplinge. H\u00f6he 1.98 m Dienstleistungen Ge\u00f6ffnet 24 h an 7 Tagen der Woche Parkangebot Parkpl\u00e4tze f\u00fcr Behinderte Parkpl\u00e4tze f\u00fcr Motorr\u00e4der Annehmlichkeiten [&hellip;]\" \/>\n<meta property=\"og:url\" content=\"https:\/\/www.parkgest.ch\/de\/wo-man-parken\/fremis-parkplatz\/\" \/>\n<meta property=\"og:site_name\" content=\"Parkgest\" \/>\n<meta property=\"article:modified_time\" content=\"2025-06-23T16:13:06+00:00\" \/>\n<meta property=\"og:image\" content=\"https:\/\/www.parkgest.ch\/wp-content\/uploads\/PFr_Voie-de-circulation_2024-e1737544140792.jpg\" \/>\n\t<meta property=\"og:image:width\" content=\"1191\" \/>\n\t<meta property=\"og:image:height\" content=\"772\" \/>\n\t<meta property=\"og:image:type\" content=\"image\/jpeg\" \/>\n<meta name=\"twitter:label1\" content=\"Gesch\u00e4tzte Lesezeit\" \/>\n\t<meta name=\"twitter:data1\" content=\"5\u00a0Minuten\" \/>\n<script type=\"application\/ld+json\" class=\"yoast-schema-graph\">{\"@context\":\"https:\/\/schema.org\",\"@graph\":[{\"@type\":\"WebPage\",\"@id\":\"https:\/\/www.parkgest.ch\/de\/wo-man-parken\/fremis-parkplatz\/\",\"url\":\"https:\/\/www.parkgest.ch\/de\/wo-man-parken\/fremis-parkplatz\/\",\"name\":\"Fr\u00e9mis-Parkplatz | Parkgest\",\"isPartOf\":{\"@id\":\"https:\/\/www.parkgest.ch\/#website\"},\"datePublished\":\"2024-10-25T03:35:08+00:00\",\"dateModified\":\"2025-06-23T16:13:06+00:00\",\"breadcrumb\":{\"@id\":\"https:\/\/www.parkgest.ch\/de\/wo-man-parken\/fremis-parkplatz\/#breadcrumb\"},\"inLanguage\":\"de\",\"potentialAction\":[{\"@type\":\"ReadAction\",\"target\":[\"https:\/\/www.parkgest.ch\/de\/wo-man-parken\/fremis-parkplatz\/\"]}]},{\"@type\":\"BreadcrumbList\",\"@id\":\"https:\/\/www.parkgest.ch\/de\/wo-man-parken\/fremis-parkplatz\/#breadcrumb\",\"itemListElement\":[{\"@type\":\"ListItem\",\"position\":1,\"name\":\"Accueil\",\"item\":\"https:\/\/www.parkgest.ch\/de\/\"},{\"@type\":\"ListItem\",\"position\":2,\"name\":\"Wo kann ich parken?\",\"item\":\"https:\/\/www.parkgest.ch\/de\/wo-man-parken\/\"},{\"@type\":\"ListItem\",\"position\":3,\"name\":\"Fr\u00e9mis-Parkplatz\"}]},{\"@type\":\"WebSite\",\"@id\":\"https:\/\/www.parkgest.ch\/#website\",\"url\":\"https:\/\/www.parkgest.ch\/\",\"name\":\"Parkgest\",\"description\":\"R\u00e9seau de parkings \u00e0 Gen\u00e8ve et Suisse romande\",\"potentialAction\":[{\"@type\":\"SearchAction\",\"target\":{\"@type\":\"EntryPoint\",\"urlTemplate\":\"https:\/\/www.parkgest.ch\/?s={search_term_string}\"},\"query-input\":\"required name=search_term_string\"}],\"inLanguage\":\"de\"}]}<\/script>\n<!-- \/ Yoast SEO plugin. -->","yoast_head_json":{"title":"Fr\u00e9mis-Parkplatz | Parkgest","robots":{"index":"index","follow":"follow","max-snippet":"max-snippet:-1","max-image-preview":"max-image-preview:large","max-video-preview":"max-video-preview:-1"},"canonical":"https:\/\/www.parkgest.ch\/de\/wo-man-parken\/fremis-parkplatz\/","og_locale":"de_DE","og_type":"article","og_title":"Fr\u00e9mis-Parkplatz | Parkgest","og_description":"Willkommen auf dem Fr\u00e9mis-Parkplatz Der Fr\u00e9mis-Parkplatz liegt in der Genfer Landschaft im Herzen des Dorfes Puplinge und wurde 2024 eingeweiht. Die Linien 31, 32, 33 und 37 der Transports Publics Genevois bedienen die Gemeinde Puplinge. H\u00f6he 1.98 m Dienstleistungen Ge\u00f6ffnet 24 h an 7 Tagen der Woche Parkangebot Parkpl\u00e4tze f\u00fcr Behinderte Parkpl\u00e4tze f\u00fcr Motorr\u00e4der Annehmlichkeiten [&hellip;]","og_url":"https:\/\/www.parkgest.ch\/de\/wo-man-parken\/fremis-parkplatz\/","og_site_name":"Parkgest","article_modified_time":"2025-06-23T16:13:06+00:00","og_image":[{"width":1191,"height":772,"url":"https:\/\/www.parkgest.ch\/wp-content\/uploads\/PFr_Voie-de-circulation_2024-e1737544140792.jpg","type":"image\/jpeg"}],"twitter_misc":{"Gesch\u00e4tzte Lesezeit":"5\u00a0Minuten"},"schema":{"@context":"https:\/\/schema.org","@graph":[{"@type":"WebPage","@id":"https:\/\/www.parkgest.ch\/de\/wo-man-parken\/fremis-parkplatz\/","url":"https:\/\/www.parkgest.ch\/de\/wo-man-parken\/fremis-parkplatz\/","name":"Fr\u00e9mis-Parkplatz | Parkgest","isPartOf":{"@id":"https:\/\/www.parkgest.ch\/#website"},"datePublished":"2024-10-25T03:35:08+00:00","dateModified":"2025-06-23T16:13:06+00:00","breadcrumb":{"@id":"https:\/\/www.parkgest.ch\/de\/wo-man-parken\/fremis-parkplatz\/#breadcrumb"},"inLanguage":"de","potentialAction":[{"@type":"ReadAction","target":["https:\/\/www.parkgest.ch\/de\/wo-man-parken\/fremis-parkplatz\/"]}]},{"@type":"BreadcrumbList","@id":"https:\/\/www.parkgest.ch\/de\/wo-man-parken\/fremis-parkplatz\/#breadcrumb","itemListElement":[{"@type":"ListItem","position":1,"name":"Accueil","item":"https:\/\/www.parkgest.ch\/de\/"},{"@type":"ListItem","position":2,"name":"Wo kann ich parken?","item":"https:\/\/www.parkgest.ch\/de\/wo-man-parken\/"},{"@type":"ListItem","position":3,"name":"Fr\u00e9mis-Parkplatz"}]},{"@type":"WebSite","@id":"https:\/\/www.parkgest.ch\/#website","url":"https:\/\/www.parkgest.ch\/","name":"Parkgest","description":"R\u00e9seau de parkings \u00e0 Gen\u00e8ve et Suisse romande","potentialAction":[{"@type":"SearchAction","target":{"@type":"EntryPoint","urlTemplate":"https:\/\/www.parkgest.ch\/?s={search_term_string}"},"query-input":"required name=search_term_string"}],"inLanguage":"de"}]}},"_links":{"self":[{"href":"https:\/\/www.parkgest.ch\/de\/wp-json\/wp\/v2\/pages\/10069"}],"collection":[{"href":"https:\/\/www.parkgest.ch\/de\/wp-json\/wp\/v2\/pages"}],"about":[{"href":"https:\/\/www.parkgest.ch\/de\/wp-json\/wp\/v2\/types\/page"}],"author":[{"embeddable":true,"href":"https:\/\/www.parkgest.ch\/de\/wp-json\/wp\/v2\/users\/10"}],"replies":[{"embeddable":true,"href":"https:\/\/www.parkgest.ch\/de\/wp-json\/wp\/v2\/comments?post=10069"}],"version-history":[{"count":21,"href":"https:\/\/www.parkgest.ch\/de\/wp-json\/wp\/v2\/pages\/10069\/revisions"}],"predecessor-version":[{"id":10602,"href":"https:\/\/www.parkgest.ch\/de\/wp-json\/wp\/v2\/pages\/10069\/revisions\/10602"}],"up":[{"embeddable":true,"href":"https:\/\/www.parkgest.ch\/de\/wp-json\/wp\/v2\/pages\/1281"}],"wp:featuredmedia":[{"embeddable":true,"href":"https:\/\/www.parkgest.ch\/de\/wp-json\/wp\/v2\/media\/10283"}],"wp:attachment":[{"href":"https:\/\/www.parkgest.ch\/de\/wp-json\/wp\/v2\/media?parent=10069"}],"wp:term":[{"taxonomy":"post_tag","embeddable":true,"href":"https:\/\/www.parkgest.ch\/de\/wp-json\/wp\/v2\/tags?post=10069"}],"curies":[{"name":"wp","href":"https:\/\/api.w.org\/{rel}","templated":true}]}}